{"id":28,"date":"2015-02-05T10:02:52","date_gmt":"2015-02-05T10:02:52","guid":{"rendered":"http:\/\/www.czechvideomapping.com\/?page_id=28"},"modified":"2016-02-02T08:35:00","modified_gmt":"2016-02-02T08:35:00","slug":"kontakt","status":"publish","type":"page","link":"http:\/\/www.czechvideomapping.com\/cs\/kontakt\/","title":{"rendered":"Kontakt"},"content":{"rendered":"<p><\/p>\n<p><strong>M\u00c1TE Z\u00c1JEM O VIDEOMAPPINGOVOU NEBO MULTIMEDI\u00c1LN\u00cd SHOW NA VA\u0160I AKCI?<\/strong><br \/>\nJsme zde pro V\u00e1s.<\/p>\n<p><strong>David Borovka<\/strong><br \/>\nproject manager, Sales<br \/>\ntelefon:+420 724 760 650<br \/>\ne-mail:david@borovka.cz<\/p>\n<p><strong>Lenka Smr\u017eov\u00e1<\/strong><br \/>\nproject manager, Sales<br \/>\ntelefon:+420 724 760 650<br \/>\ne-mail:lenka@borovka.cz<\/p>\n","protected":false},"excerpt":{"rendered":"<p>M\u00c1TE Z\u00c1JEM O VIDEOMAPPINGOVOU NEBO MULTIMEDI\u00c1LN\u00cd SHOW NA VA\u0160I AKCI? Jsme zde pro V\u00e1s. David Borovka project manager, Sales telefon:+420 724 760 650 e-mail:david@borovka.cz Lenka Smr\u017eov\u00e1 project manager, Sales telefon:+420 724 760 650 e-mail:lenka@borovka.cz<\/p>\n","protected":false},"author":1,"featured_media":0,"parent":0,"menu_order":0,"comment_status":"open","ping_status":"open","template":"content-kontakt.php","meta":[],"_links":{"self":[{"href":"http:\/\/www.czechvideomapping.com\/cs\/wp-json\/wp\/v2\/pages\/28"}],"collection":[{"href":"http:\/\/www.czechvideomapping.com\/cs\/wp-json\/wp\/v2\/pages"}],"about":[{"href":"http:\/\/www.czechvideomapping.com\/cs\/wp-json\/wp\/v2\/types\/page"}],"author":[{"embeddable":true,"href":"http:\/\/www.czechvideomapping.com\/cs\/wp-json\/wp\/v2\/users\/1"}],"replies":[{"embeddable":true,"href":"http:\/\/www.czechvideomapping.com\/cs\/wp-json\/wp\/v2\/comments?post=28"}],"version-history":[{"count":16,"href":"http:\/\/www.czechvideomapping.com\/cs\/wp-json\/wp\/v2\/pages\/28\/revisions"}],"predecessor-version":[{"id":1012,"href":"http:\/\/www.czechvideomapping.com\/cs\/wp-json\/wp\/v2\/pages\/28\/revisions\/1012"}],"wp:attachment":[{"href":"http:\/\/www.czechvideomapping.com\/cs\/wp-json\/wp\/v2\/media?parent=28"}],"curies":[{"name":"wp","href":"https:\/\/api.w.org\/{rel}","templated":true}]}}